{"id":1930,"date":"2021-01-20T03:52:06","date_gmt":"2021-01-20T00:52:06","guid":{"rendered":"https:\/\/demo.bodrumfm.org\/?page_id=1930"},"modified":"2023-08-28T12:46:40","modified_gmt":"2023-08-28T09:46:40","slug":"hakkimizda","status":"publish","type":"page","link":"https:\/\/bodrumfm.org\/en\/hakkimizda\/","title":{"rendered":"About Us"},"content":{"rendered":"<div data-elementor-type=\"wp-page\" data-elementor-id=\"1930\" class=\"elementor elementor-1930\">\n\t\t\t\t\t\t<div class=\"elementor-inner\">\n\t\t\t\t<div class=\"elementor-section-wrap\">\n\t\t\t\t\t\t\t\t\t<section class=\"elementor-section elementor-top-section elementor-element elementor-element-5ebc745 elementor-section-stretched elementor-section-boxed elementor-section-height-default elementor-section-height-default\" data-id=\"5ebc745\" data-element_type=\"section\" data-settings=\"{&quot;stretch_section&quot;:&quot;section-stretched&quot;}\">\n\t\t\t\t\t\t<div class=\"elementor-container elementor-column-gap-wide\">\n\t\t\t\t\t\t\t<div class=\"elementor-row\">\n\t\t\t\t\t<div class=\"elementor-column elementor-col-50 elementor-top-column elementor-element elementor-element-b11d4c3\" data-id=\"b11d4c3\" data-element_type=\"column\">\n\t\t\t<div class=\"elementor-column-wrap elementor-element-populated\">\n\t\t\t\t\t\t\t<div class=\"elementor-widget-wrap\">\n\t\t\t\t\t\t<div class=\"elementor-element elementor-element-5712af3 elementor-widget elementor-widget-heading\" data-id=\"5712af3\" data-element_type=\"widget\" data-widget_type=\"heading.default\">\n\t\t\t\t<div class=\"elementor-widget-container\">\n\t\t\t<div class=\"elementor-heading-title elementor-size-default\">Who Are We<\/div>\t\t<\/div>\n\t\t\t\t<\/div>\n\t\t\t\t<div class=\"elementor-element elementor-element-384dc47 elementor-widget elementor-widget-heading\" data-id=\"384dc47\" data-element_type=\"widget\" data-widget_type=\"heading.default\">\n\t\t\t\t<div class=\"elementor-widget-container\">\n\t\t\t<h2 class=\"elementor-heading-title elementor-size-default\">ABOUT BODRUM FM<\/h2>\t\t<\/div>\n\t\t\t\t<\/div>\n\t\t\t\t<div class=\"elementor-element elementor-element-bc2c1b7 elementor-widget elementor-widget-text-editor\" data-id=\"bc2c1b7\" data-element_type=\"widget\" data-widget_type=\"text-editor.default\">\n\t\t\t\t<div class=\"elementor-widget-container\">\n\t\t\t\t\t\t\t\t<div class=\"elementor-text-editor elementor-clearfix\">\n\t\t\t\t<p>Bodrum FM, which has been broadcasting under \u00c7a\u011fda\u015f Holding since 1998, meets its audience in Bodrum on a 101.7 frequency.<\/p><p>Bodrum FM, which is within the coverage area of \u200b\u200b\u200b\u200bthe center of Mu\u011fla, especially the Bodrum Peninsula, and popular holiday districts such as Dat\u00e7a, Marmaris, Ku\u015fadas\u0131, G\u00f6kova, S\u00f6ke, Didim, G\u00fcll\u00fck, Yata\u011fan, broadcasts 24 hours a day, 7 days a week.<\/p><p>Cagdas Holding, which reflects its vision that does not compromise on quality in every sector it operates, also offers a different concept to its Bodrum and holiday-maker listeners than conventional radio broadcasting.<\/p><div>\u00a0<\/div>\t\t\t\t\t<\/div>\n\t\t\t\t\t\t<\/div>\n\t\t\t\t<\/div>\n\t\t\t\t<div class=\"elementor-element elementor-element-992dfb3 elementor-widget elementor-widget-text-editor\" data-id=\"992dfb3\" data-element_type=\"widget\" data-widget_type=\"text-editor.default\">\n\t\t\t\t<div class=\"elementor-widget-container\">\n\t\t\t\t\t\t\t\t<div class=\"elementor-text-editor elementor-clearfix\">\n\t\t\t\t<blockquote><p>BodrumFM presents Turkish pop and foreign hit songs with a dynamic PERFORMANCE full of harmonious transitions. It invites you to the beauty of every moment you live with the rhythm of the music.\u201d<\/p><\/blockquote>\t\t\t\t\t<\/div>\n\t\t\t\t\t\t<\/div>\n\t\t\t\t<\/div>\n\t\t\t\t<div class=\"elementor-element elementor-element-a056dcc elementor-widget elementor-widget-text-editor\" data-id=\"a056dcc\" data-element_type=\"widget\" data-widget_type=\"text-editor.default\">\n\t\t\t\t<div class=\"elementor-widget-container\">\n\t\t\t\t\t\t\t\t<div class=\"elementor-text-editor elementor-clearfix\">\n\t\t\t\t<p>Bodrum Fm, which broadcasts uninterrupted music with the \"No Talk Just Music\" credits, is very popular with this feature and reaches more and more listeners every day.<\/p>\t\t\t\t\t<\/div>\n\t\t\t\t\t\t<\/div>\n\t\t\t\t<\/div>\n\t\t\t\t\t\t<\/div>\n\t\t\t\t\t<\/div>\n\t\t<\/div>\n\t\t\t\t<div class=\"elementor-column elementor-col-50 elementor-top-column elementor-element elementor-element-f3ee043\" data-id=\"f3ee043\" data-element_type=\"column\">\n\t\t\t<div class=\"elementor-column-wrap elementor-element-populated\">\n\t\t\t\t\t\t\t<div class=\"elementor-widget-wrap\">\n\t\t\t\t\t\t<div class=\"elementor-element elementor-element-d2fb2cd elementor-widget elementor-widget-rt-video-with-image\" data-id=\"d2fb2cd\" data-element_type=\"widget\" data-widget_type=\"rt-video-with-image.default\">\n\t\t\t\t<div class=\"elementor-widget-container\">\n\t\t\t<div class=\"about-img\">\n\t<img loading=\"lazy\" decoding=\"async\" width=\"2375\" height=\"2246\" src=\"https:\/\/bodrumfm.org\/wp-content\/uploads\/2023\/03\/570x-539-px-01.jpg\" class=\"attachment-full size-full wp-image-6495\" alt=\"\" srcset=\"https:\/\/bodrumfm.org\/wp-content\/uploads\/2023\/03\/570x-539-px-01.jpg 2375w, https:\/\/bodrumfm.org\/wp-content\/uploads\/2023\/03\/570x-539-px-01-300x284.jpg 300w, https:\/\/bodrumfm.org\/wp-content\/uploads\/2023\/03\/570x-539-px-01-1024x968.jpg 1024w, https:\/\/bodrumfm.org\/wp-content\/uploads\/2023\/03\/570x-539-px-01-768x726.jpg 768w, https:\/\/bodrumfm.org\/wp-content\/uploads\/2023\/03\/570x-539-px-01-1536x1453.jpg 1536w, https:\/\/bodrumfm.org\/wp-content\/uploads\/2023\/03\/570x-539-px-01-2048x1937.jpg 2048w, https:\/\/bodrumfm.org\/wp-content\/uploads\/2023\/03\/570x-539-px-01-13x12.jpg 13w, https:\/\/bodrumfm.org\/wp-content\/uploads\/2023\/03\/570x-539-px-01-155x147.jpg 155w\" sizes=\"auto, (max-width: 2375px) 100vw, 2375px\" \/>    <div class=\"video-icon\">\n        <a class=\"play-btn popup-youtube\" href=\"https:\/\/www.youtube.com\/watch?v=AMsSQ2TPz_c\">\n            <i class=\"fas fa-play\"><\/i>\n        <\/a>\n    <\/div>\n<\/div>\t\t<\/div>\n\t\t\t\t<\/div>\n\t\t\t\t\t\t<\/div>\n\t\t\t\t\t<\/div>\n\t\t<\/div>\n\t\t\t\t\t\t\t\t<\/div>\n\t\t\t\t\t<\/div>\n\t\t<\/section>\n\t\t\t\t<section class=\"elementor-section elementor-top-section elementor-element elementor-element-2cde302 elementor-section-stretched elementor-section-boxed elementor-section-height-default elementor-section-height-default\" data-id=\"2cde302\" data-element_type=\"section\" data-settings=\"{&quot;stretch_section&quot;:&quot;section-stretched&quot;,&quot;background_background&quot;:&quot;classic&quot;}\">\n\t\t\t\t\t\t\t<div class=\"elementor-background-overlay\"><\/div>\n\t\t\t\t\t\t\t<div class=\"elementor-container elementor-column-gap-default\">\n\t\t\t\t\t\t\t<div class=\"elementor-row\">\n\t\t\t\t\t<div class=\"elementor-column elementor-col-100 elementor-top-column elementor-element elementor-element-e85237d\" data-id=\"e85237d\" data-element_type=\"column\">\n\t\t\t<div class=\"elementor-column-wrap elementor-element-populated\">\n\t\t\t\t\t\t\t<div class=\"elementor-widget-wrap\">\n\t\t\t\t\t\t<div class=\"elementor-element elementor-element-964752a elementor-widget elementor-widget-rt-cta\" data-id=\"964752a\" data-element_type=\"widget\" data-widget_type=\"rt-cta.default\">\n\t\t\t\t<div class=\"elementor-widget-container\">\n\t\t\t<div class=\"banner-section\">\n\t    <h2 class=\"item-title\">Would You Like to Share Your Ideas and Opinions with Us?<\/h2>\n        <a class=\"item-btn\" href=\"https:\/\/demo.bodrumfm.org\/contact-us\/\">CONTACT US<\/a>    <\/div>\n\t\t<\/div>\n\t\t\t\t<\/div>\n\t\t\t\t\t\t<\/div>\n\t\t\t\t\t<\/div>\n\t\t<\/div>\n\t\t\t\t\t\t\t\t<\/div>\n\t\t\t\t\t<\/div>\n\t\t<\/section>\n\t\t\t\t<section class=\"elementor-section elementor-top-section elementor-element elementor-element-7a6c90f elementor-section-stretched elementor-section-boxed elementor-section-height-default elementor-section-height-default\" data-id=\"7a6c90f\" data-element_type=\"section\" data-settings=\"{&quot;stretch_section&quot;:&quot;section-stretched&quot;}\">\n\t\t\t\t\t\t<div class=\"elementor-container elementor-column-gap-default\">\n\t\t\t\t\t\t\t<div class=\"elementor-row\">\n\t\t\t\t\t<div class=\"elementor-column elementor-col-100 elementor-top-column elementor-element elementor-element-637f666\" data-id=\"637f666\" data-element_type=\"column\">\n\t\t\t<div class=\"elementor-column-wrap elementor-element-populated\">\n\t\t\t\t\t\t\t<div class=\"elementor-widget-wrap\">\n\t\t\t\t\t\t<div class=\"elementor-element elementor-element-7dc40ac elementor-widget elementor-widget-rt-title\" data-id=\"7dc40ac\" data-element_type=\"widget\" data-widget_type=\"rt-title.default\">\n\t\t\t\t<div class=\"elementor-widget-container\">\n\t\t\t\n<div class=\"section-defauly-style section-heading-2 center\">\n    <h2 class=\"heading-title\"> OUR TEAM <\/h2>\n    <\/div>\t\t<\/div>\n\t\t\t\t<\/div>\n\t\t\t\t<div class=\"elementor-element elementor-element-a0e11fc elementor-widget elementor-widget-rt-team-member\" data-id=\"a0e11fc\" data-element_type=\"widget\" data-widget_type=\"rt-team-member.default\">\n\t\t\t\t<div class=\"elementor-widget-container\">\n\t\t\t<div class=\"team-default-layout team-modern\">\n    <div class=\"row\">\n                                <div class=\"col-lg-6 col-md-6 col-sm-6 col-12\">\n            <div class=\"team-box\">\n                                    <div class=\"item-img\"><img loading=\"lazy\" decoding=\"async\" width=\"350\" height=\"385\" src=\"https:\/\/bodrumfm.org\/wp-content\/uploads\/2021\/01\/mert-levent.jpg\" class=\"attachment-fmwave-size-team2 size-fmwave-size-team2 wp-post-image\" alt=\"\" srcset=\"https:\/\/bodrumfm.org\/wp-content\/uploads\/2021\/01\/mert-levent.jpg 350w, https:\/\/bodrumfm.org\/wp-content\/uploads\/2021\/01\/mert-levent-273x300.jpg 273w, https:\/\/bodrumfm.org\/wp-content\/uploads\/2021\/01\/mert-levent-11x12.jpg 11w, https:\/\/bodrumfm.org\/wp-content\/uploads\/2021\/01\/mert-levent-143x157.jpg 143w\" sizes=\"auto, (max-width: 350px) 100vw, 350px\" \/><\/div>\n                                <div class=\"item-content\">\n                    <h3 class=\"item-title\"><a href=\"https:\/\/bodrumfm.org\/en\/ekibimiz\/mert-levent\/\">Mert Levent<\/a><\/h3>\n\t\t\t\t\t                    <div class=\"item-subtitle\"><\/div>\n\t\t\t\t\t\t\t\t\t\t                    <div class=\"item-time\">Editor-in-Chief<\/div>\n                                            <div class=\"item-social\">\n                                                                                                                                                                                                                                                                                                                                                                                                                                                                                        <\/div>\n                                    <\/div>\n            <\/div>\n        <\/div>\n                        <div class=\"col-lg-6 col-md-6 col-sm-6 col-12\">\n            <div class=\"team-box\">\n                                    <div class=\"item-img\"><img loading=\"lazy\" decoding=\"async\" width=\"350\" height=\"385\" src=\"https:\/\/bodrumfm.org\/wp-content\/uploads\/2020\/11\/ahmet-yurt.jpg\" class=\"attachment-fmwave-size-team2 size-fmwave-size-team2 wp-post-image\" alt=\"\" srcset=\"https:\/\/bodrumfm.org\/wp-content\/uploads\/2020\/11\/ahmet-yurt.jpg 350w, https:\/\/bodrumfm.org\/wp-content\/uploads\/2020\/11\/ahmet-yurt-273x300.jpg 273w, https:\/\/bodrumfm.org\/wp-content\/uploads\/2020\/11\/ahmet-yurt-11x12.jpg 11w, https:\/\/bodrumfm.org\/wp-content\/uploads\/2020\/11\/ahmet-yurt-143x157.jpg 143w\" sizes=\"auto, (max-width: 350px) 100vw, 350px\" \/><\/div>\n                                <div class=\"item-content\">\n                    <h3 class=\"item-title\"><a href=\"https:\/\/bodrumfm.org\/en\/ekibimiz\/ahmet-yurt\/\">Ahmet Yurt<\/a><\/h3>\n\t\t\t\t\t                    <div class=\"item-subtitle\"><\/div>\n\t\t\t\t\t\t\t\t\t\t                    <div class=\"item-time\">IT &amp; Technic<\/div>\n                                            <div class=\"item-social\">\n                                                                                                                                                                                                                                                                                                                                                                                                                                                                                        <\/div>\n                                    <\/div>\n            <\/div>\n        <\/div>\n                    <\/div>\n<\/div>\n\t\t<\/div>\n\t\t\t\t<\/div>\n\t\t\t\t\t\t<\/div>\n\t\t\t\t\t<\/div>\n\t\t<\/div>\n\t\t\t\t\t\t\t\t<\/div>\n\t\t\t\t\t<\/div>\n\t\t<\/section>\n\t\t\t\t\t\t\t\t\t<\/div>\n\t\t\t<\/div>\n\t\t\t\t\t<\/div>","protected":false},"excerpt":{"rendered":"<p>Biz Kimiz BODRUM FM HAKKINDA 1998 y\u0131l\u0131ndan bu yana \u00c7a\u011fda\u015f Holding b\u00fcnyesinde yay\u0131nda olan Bodrum FM, Bodrum\u2019da 101.7 frekans\u0131 \u00fczerinden dinleyicileri ile bulu\u015fmaktad\u0131r. Bodrum Yar\u0131madas\u0131 ba\u015fta olmak \u00fczere Mu\u011fla merkez ile Dat\u00e7a, Marmaris, Ku\u015fadas\u0131, G\u00f6kova, S\u00f6ke, Didim, G\u00fcll\u00fck, Yata\u011fan gibi \u00e7ok sevilen tatil beldelerinde kapsama alan\u0131 i\u00e7ine giren Bodrum FM, 7 g\u00fcn 24 saat kesintisiz&#8230;<\/p>","protected":false},"author":1,"featured_media":0,"parent":0,"menu_order":0,"comment_status":"closed","ping_status":"closed","template":"","meta":{"footnotes":""},"class_list":["post-1930","page","type-page","status-publish","hentry","have-post-thumb"],"_links":{"self":[{"href":"https:\/\/bodrumfm.org\/en\/wp-json\/wp\/v2\/pages\/1930","targetHints":{"allow":["GET"]}}],"collection":[{"href":"https:\/\/bodrumfm.org\/en\/wp-json\/wp\/v2\/pages"}],"about":[{"href":"https:\/\/bodrumfm.org\/en\/wp-json\/wp\/v2\/types\/page"}],"author":[{"embeddable":true,"href":"https:\/\/bodrumfm.org\/en\/wp-json\/wp\/v2\/users\/1"}],"replies":[{"embeddable":true,"href":"https:\/\/bodrumfm.org\/en\/wp-json\/wp\/v2\/comments?post=1930"}],"version-history":[{"count":47,"href":"https:\/\/bodrumfm.org\/en\/wp-json\/wp\/v2\/pages\/1930\/revisions"}],"predecessor-version":[{"id":6819,"href":"https:\/\/bodrumfm.org\/en\/wp-json\/wp\/v2\/pages\/1930\/revisions\/6819"}],"wp:attachment":[{"href":"https:\/\/bodrumfm.org\/en\/wp-json\/wp\/v2\/media?parent=1930"}],"curies":[{"name":"wp","href":"https:\/\/api.w.org\/{rel}","templated":true}]}}