{"id":1895,"date":"2021-01-19T08:44:35","date_gmt":"2021-01-19T08:44:35","guid":{"rendered":"https:\/\/demo.bodrumfm.org\/?page_id=1895"},"modified":"2023-05-05T15:20:24","modified_gmt":"2023-05-05T12:20:24","slug":"kvkk-ve-gizlilik-politikasi","status":"publish","type":"page","link":"https:\/\/bodrumfm.org\/en\/kvkk-ve-gizlilik-politikasi\/","title":{"rendered":"KVKK &amp; Gizlilik Politikas\u0131"},"content":{"rendered":"<div data-elementor-type=\"wp-page\" data-elementor-id=\"1895\" class=\"elementor elementor-1895\">\n\t\t\t\t\t\t<div class=\"elementor-inner\">\n\t\t\t\t<div class=\"elementor-section-wrap\">\n\t\t\t\t\t\t\t\t\t<section class=\"elementor-section elementor-top-section elementor-element elementor-element-69b44f2 elementor-section-boxed elementor-section-height-default elementor-section-height-default\" data-id=\"69b44f2\" data-element_type=\"section\">\n\t\t\t\t\t\t<div class=\"elementor-container elementor-column-gap-default\">\n\t\t\t\t\t\t\t<div class=\"elementor-row\">\n\t\t\t\t\t<div class=\"elementor-column elementor-col-100 elementor-top-column elementor-element elementor-element-074dc71\" data-id=\"074dc71\" data-element_type=\"column\">\n\t\t\t<div class=\"elementor-column-wrap elementor-element-populated\">\n\t\t\t\t\t\t\t<div class=\"elementor-widget-wrap\">\n\t\t\t\t\t\t<div class=\"elementor-element elementor-element-0a67aa7 elementor-widget elementor-widget-text-editor\" data-id=\"0a67aa7\" data-element_type=\"widget\" data-widget_type=\"text-editor.default\">\n\t\t\t\t<div class=\"elementor-widget-container\">\n\t\t\t\t\t\t\t\t<div class=\"elementor-text-editor elementor-clearfix\">\n\t\t\t\t<p><strong>PRIVACY POLICY AND DISCLOSURE TEXT WITHIN THE SCOPE OF THE LAW ON THE PROTECTION OF PERSONAL DATA<\/strong><\/p><p>The purpose of this privacy policy and clarification text is to inform you in detail which of your personal data \u00c7a\u011fda\u015f A\u015fiyan Yay\u0131nc\u0131l\u0131k Co.<\/p><p>(\"BODRUM FM\") processes and for what purposes.<\/p><p>We attach importance to your privacy. We protect all personal data that you have transmitted to us in accordance with Law No. 6698 on the Protection of Personal Data (\"LPDD\u2019\u2019) and the general principles of this law.<\/p><p><strong>Which Personal Data Do We Collect?<\/strong><\/p><div>When you register for BODRUM FM Services;<\/div><div>\u00a0<\/div><div><p>Category of Personal Data Processed;\u00a0<\/p><p>User Data<\/p><\/div><div>\u00a0<\/div><p>Category Details;<\/p><div><p>These are personal data that you provide or we collect to enable you to register with BODRUM FM and use BODRUM FM Services. Depending on your registration method, your name, username, age, gender, e-mail address and telephone number may be collected. In certain countries, official identification number information may be collected by us for purposes such as billing and tax compliance. Your profile picture may be collected if you upload it. The exact type of personal data collected depends on the type of BODRUM FM Network Application you register for, the way you create an account, and whether you use third-party login services (e.g. Facebook, Twitter, Google) to register for and use BODRUM FM Network services. If you use a third-party service to create an account, we will only receive your personal data through that third-party service if you consent to that third-party service sharing your data with us.<\/p><p>Application where the data is processed;\u00a0<\/p><p>Watch BODRUM FM and Listen to BODRUM FM<\/p><p><strong>By using BODRUM FM Services;<\/strong><\/p><p>(Information is collected about you and your use of our service, your interactions with us and our advertisements, and information about your computer or other devices (smart TVs, mobile devices, table-top modems and other media streaming devices) that you can use to access our service).<\/p><div>Category of Personal Data Processed;<\/div><div>\u00a0<\/div><\/div><div><p>Usage Data<\/p><p><strong>1- Technical Usage Data<\/strong><\/p><p>Category Details;<\/p><\/div><div>URL information, cookie data and online identifiers such as IP addresses, unique device identification numbers (ID), device brand, device model, network connection type (e.g. wireless, 3G, LTE, 5G Bluetooth), network access point name and SSID, service provider, network and device performance, browser type, browser version, language, information enabling digital rights management, operating system, screen resolution, wireless, 3G, LTE, 5G Bluetooth), network access point name and SSID, service provider, network and device performance, browser type, browser version, language, information enabling digital rights management, operating system, screen resolution, time zone and BODRUM FM Network application version, information about the types of devices you use, device features (such as device IDs), or information about the devices on your wireless network that can connect to the BODRUM FM Network (e.g. smart speakers, smart TVs, connected devices), other unique identifiers, device and software features (such as type and configuration), connection information, page view statistics, referral source (e.g. referral URLs), browser and standard web server log information, we may use third party mapping applications and\/or your device's location service to verify your address.<\/div><div>\u00a0<\/div><div><p>Application where the data is processed;<\/p><\/div><p>BODRUM FM Watch, BODRUM FM Listen, other Web-Sites and Applications connected to BODRUM FM<\/p><p><strong>2- In-App Transaction Data<\/strong><\/p><p>Category Details;<\/p><p>Search queries and search history (including date and time of your requests, activity history,<\/p><p>Application where the data is processed;<\/p><p>BODRUM FM Watch, BODRUM FM Listen, and other Web-Sites and Applications connected to BODRUM FM<\/p><div><p>Category Details;<\/p><\/div><div>Audio files such as music, podcasts, audio theatre, audio books and in-app actions such as adding such content to a list, liking, sharing, listening times, in-app menu transitions or clicked buttons.<\/div><div>Application where the data is processed;<\/div><div>\u00a0<\/div><div><p>BODRUM FM Listen and all BODRUM FM websites that offer audio content service.<\/p><p>Category Details;<\/p><p>Visual content such as videos or programmes you watch and in-app actions such as adding them to a list, sharing them, watching times, skipping credits, in-app menu transitions or clicking buttons<\/p><p>Application where the data is processed;<\/p><\/div><div>BODRUM FM Watch and all BODRUM FM websites that offer video content service.<\/div><div>\u00a0<\/div><div><strong>Data You Choose to Give Us That Allows Us to Offer You Additional Features;<\/strong><\/div><div>\u00a0<\/div><div><p>Category of Personal Data Processed;<\/p><\/div><div><strong>1- Purchase Data<\/strong><\/div><div>\u00a0<\/div><div>Category Details;<\/div><div><p>Name, Surname, Mobile phone number, E-mail, Address information<\/p><\/div><p>Application where the data is processed;<br \/>BODRUM FM<\/p><p><strong>2- Competition, Survey, Electronic Message, Raffle, Application and Contact Form Data<\/strong><\/p><p>Category Details;<\/p><p>We collect the personal data you provide (name, surname, e-mail address, telephone number, Turkish ID number and telephone number for information retrieval processes) when you fill in any form, provide message confirmation, respond to a research or survey or participate in a competition.<\/p><p>Application where the data is processed;<\/p><p>BODRUM FM Watch, BODRUM FM Listen, other connected Web-Sites and Applications<\/p><p><strong>How We Collect Your Personal Data<\/strong><\/p><p>Your personal data;<\/p><ul><li>If you sign up for membership,<\/li><li>If you use our services, applications and websites,<\/li><li>Even if you submit your details via the relevant forms and other means,<\/li><\/ul><div>we may collect your personal data automatically through our website and mobile applications. We may also collect such information through third parties.<\/div><div>\u00a0<\/div><div><div><strong>Information Provided by Third Parties<\/strong><\/div><\/div><div>\u00a0<\/div><div><p>Third Parties;<\/p><p><strong>1- Authentication partners\u00a0 \u00a0<\/strong><\/p><\/div><div>\u00a0<\/div><div><p>Information Provided;<\/p><\/div><div><p>If you register or log in to our services using third party credentials (e.g. Facebook), we will import your information from that third party to help you create your account with us.<\/p><\/div><p><strong>2- Technical service partners<\/strong><\/p><p>Information Provided;<\/p><p>We work with technical service partners who provide us with certain data, such as mapping IP addresses to imprecise location data (e.g. city, country) to enable us to deliver BODRUM FM services, content and features.<\/p><p><strong>3- Payment partners<\/strong><\/p><p>Information Provided;<\/p><p>If you choose to pay for a service or feature by invoice, we may receive data from our payment partners to enable us to send you an invoice, process your payment and provide you with what you have purchased.<\/p><p><strong>4- Advertisers and other partners<\/strong><\/p><p>Information Provided;<\/p><p>We may collect certain data about you from certain advertisers and advertising partners, such as cookie ID, mobile device ID, email address and inferences about your interests and preferences, in order to provide you with more relevant advertisements, campaigns, send notifications and measure their effectiveness.<\/p><p><strong>5- Analytics service provider partners<\/strong><\/p><p>Information Provided;<\/p><p>We may receive data from our analytical service provider partners to help us get to know our users who visit our websites and applications in detail, to understand the expectations of our users, to contribute to the development of our content in line with the wishes of our users and to take the right steps regarding promotional and advertising campaigns.<\/p><p><strong>Purposes of Data Processing and Legal Basis for Processing<\/strong><\/p><p>We process your personal data in accordance with the general principles set out in Article 4 of the LPDD within the scope of the data processing conditions in Article 5 of the LPDD.<\/p><p>Category of Personal Data Processed;<\/p><p><strong>1- User Data, Usage Data, Payment and Purchase Data, Competition Survey and Raffle Data<\/strong><\/p><p>Processing Purpose<\/p><p>To provide and manage BODRUM FM Services (such as websites, applications, social media accounts), to produce statistical and scientific information, to improve our products and services accordingly, to increase satisfaction with our products and services and to make customisations regarding the user in this context<\/p><p>Legal Basis;<\/p><p>Processing of personal data of the contracting parties is necessary for the establishment or performance of a contract<\/p><p>Data processing is mandatory for the legitimate interests of the data controller, as long as it does not harm the fundamental rights and freedoms of the data subject<\/p><p>Existence of explicit consent<\/p><p><strong>2- User Data, Usage Data<\/strong><\/p><p>Processing Purpose<\/p><p>To understand, diagnose, troubleshoot and solve problems with BODRUM FM Service.<\/p><p>Legal Basis;<\/p><p>Processing of personal data of the contracting parties is necessary for the establishment or performance of a contract<\/p><p>Data processing is mandatory for the legitimate interests of the data controller, as long as it does not harm the fundamental rights and freedoms of the data subject<\/p><p><strong>3- User Data, Usage Data<\/strong><\/p><p>Processing Purpose<\/p><p>To evaluate and develop new features, technologies and improvements related to BODRUM FM Services.<\/p><p>Legal Basis;<\/p><p>Data processing is mandatory for the legitimate interests of the data controller, as long as it does not harm the fundamental rights and freedoms of the data subject<\/p><p><strong>4- User Data, Usage Data, Payment and Purchase Data<\/strong><\/p><p>Processing Purpose<\/p><p>To communicate using all means of communication for marketing, promotion and advertising purposes within the scope of the services and developments, service programmes and activities of the Institution.<\/p><p>Legal Basis;<\/p><p>Existence of explicit consent<\/p><p><strong>5- User Data, Usage Data, Payment and Purchase Data, Competition Survey and Raffle Data<\/strong><\/p><p>Processing Purpose<\/p><p>To comply with legal obligations and requests of law enforcement authorities.<\/p><p>Legal Basis;<\/p><p>Data processing is mandatory for the data controller to fulfil his legal obligation<\/p><p><strong>6- User Data, Usage Data, Payment and Purchase Data<\/strong><\/p><p>Processing Purpose<\/p><div>Fulfil contractual obligations with third parties, e.g. licence agreements, and take appropriate action on related reports.<\/div><div>\u00a0<\/div><p>Legal Basis;<\/p><p>Data processing is mandatory for the legitimate interests of the data controller, as long as it does not harm the fundamental rights and freedoms of the data subject<\/p><p><strong>7- User Data, Usage Data, Payment and Purchase Data, Competition Survey and Raffle Data<\/strong><\/p><p>Processing Purpose<\/p><p>To make, pursue or defend legal claims.<\/p><p>Legal Basis;<\/p><p>Data processing is mandatory for the establishment, exercise or protection of a right<\/p><p><strong>8- User Data, Usage Data, Payment and Purchase Data, Competition Survey and Raffle Data<\/strong><\/p><p>Processing Purpose<\/p><p>Business planning, archiving, analysing, reporting and forecasting to prevent data loss.<\/p><p>Legal Basis;<\/p><p>Data processing is mandatory for the legitimate interests of the data controller, as long as it does not harm the fundamental rights and freedoms of the data subject<\/p><p><strong>9- User Data, Purchase Data<\/strong><\/p><p>Processing Purpose<\/p><p>Processing of the purchase.<\/p><p>Legal Basis;<\/p><p>Processing of personal data of the contracting parties is necessary for the establishment or performance of a contract<\/p><p>Data processing is mandatory for the data controller to fulfil his legal obligation<\/p><p><strong>10- User Data, Usage Data, Contest and Survey Data<\/strong><\/p><p>Processing Purpose<\/p><p>Organising research, competitions, surveys and raffles. Receiving requests for participation in organisations such as training and seminars.<\/p><p>Legal Basis;<\/p><p>Processing of personal data of the contracting parties is necessary for the establishment or performance of a contract<\/p><p>Data processing is mandatory for the legitimate interests of the data controller, as long as it does not harm the fundamental rights and freedoms of the data subject<\/p><p>Data processing is mandatory for the establishment, exercise or protection of a right<\/p><p><strong>Transfer of Personal Data<\/strong><\/p><p>We transfer the personal data we process to the relevant supplier companies in order to carry out business processes and to authorised public institutions and organisations in order to fulfil our legal obligations.<\/p><div><strong>Storage and Destruction of Personal Data<\/strong><\/div><div><strong>\u00a0<\/strong><\/div><div><div>Our organisation stores personal data in line with the purpose of processing personal data in a proportionate manner for the purpose of processing. All kinds of technical and administrative measures stipulated within the scope of KVKK are taken for the security of stored personal data.<\/div><div>In the event that the purpose and \/ or reason for processing has ended, personal data are stored until the end of the period required by the relevant legislation, taking into account our legal and legal obligations. When the purpose and reason for the processing of personal data is no longer valid, personal data will be destroyed when the statute of limitations required for the fulfilment of our legal obligations is completed.<\/div><div>Rights of the Data Subject<\/div><div>Every data subject has the following rights pursuant to Article 11 of the LPPD;<\/div><div><strong>1. <\/strong>To learn whether his\/her personal data is being processed,<\/div><div><strong>2.<\/strong> To request relevant information if personal data has been processed,<\/div><div><strong>3.<\/strong> To learn the purpose of processing personal data and whether they are used in accordance with their purpose,<\/div><div><strong>4.<\/strong> To know the third parties to whom personal data are transferred domestically or abroad,<\/div><div><strong>5.<\/strong> To request correction of personal data in case of incomplete or incorrect processing and to request notification of the transaction made within this scope to third parties to whom personal data is transferred,<\/div><div><strong>6.<\/strong> To request the deletion or destruction of personal data in the event that the reasons requiring its processing do no longer exist,  even though it has been processed in accordance with the provisions of the LPDD and other relevant laws, and to request notification of the transaction made within this scope to third parties to whom personal data is transferred,<\/div><div><strong>7.<\/strong> To object to the emergence of a result to the detriment of the person himself\/herself by analysing the processed data exclusively through automated systems,<\/div><div><strong>8.<\/strong> In case of damage due to unlawful processing of personal data, to demand compensation for the damage.<\/div><div>You can send us your requests in line with Article 11 of the LPDD \"regulating the rights of the data subject\" in accordance with the Communiqu\u00e9 on the Procedures and Principles of Applying to the Data Controller. Requests will be evaluated and decided free of charge as soon as possible and ultimately within thirty (30) days. If the evaluation and decision-making process requires an additional cost, the fee in the tariff determined by the Personal Data Protection Board will be taken as basis.<\/div><div><strong>Identity of the Data Controller<\/strong><\/div><div><strong>Title     \u00a0 \u00a0 \u00a0 \u00a0 \u00a0 \u00a0 \u00a0 \u00a0 \u00a0 \u00a0 \u00a0 \u00a0 :<\/strong> \u00c7a\u011fda\u015f A\u015fiyan Yay\u0131nc\u0131l\u0131k A.\u015e (Bodrum FM)<\/div><div><strong>Internet Address       :<\/strong> www.bodrumfm.org<\/div><div><strong>Telephone Number  :<\/strong> 90 252 313 57 51<\/div><div><strong>E-mail Address        :<\/strong> y\u00f6netim@bodrumfm.org<\/div><div><strong>Address                     :<\/strong> \u00c7a\u011fda\u015f Holding Binas\u0131 Ortakent Yal\u0131kavak Yolu Kapuz Caddesi No:93 Ortakent \u2013 Bodrum \/ Mu\u011fla<\/div><\/div>\t\t\t\t\t<\/div>\n\t\t\t\t\t\t<\/div>\n\t\t\t\t<\/div>\n\t\t\t\t\t\t<\/div>\n\t\t\t\t\t<\/div>\n\t\t<\/div>\n\t\t\t\t\t\t\t\t<\/div>\n\t\t\t\t\t<\/div>\n\t\t<\/section>\n\t\t\t\t\t\t\t\t\t<\/div>\n\t\t\t<\/div>\n\t\t\t\t\t<\/div>","protected":false},"excerpt":{"rendered":"<p>K\u0130\u015e\u0130SEL VER\u0130LER\u0130N KORUNMASI KANUNU KAPSAMINDA G\u0130ZL\u0130L\u0130K POL\u0130T\u0130KASI VE AYDINLATMA METN\u0130 \u0130\u015fbu gizlilik politikas\u0131 ve ayd\u0131nlatma metninin amac\u0131 \u00c7a\u011fda\u015f A\u015fiyan Yay\u0131nc\u0131l\u0131k A.\u015e (\u201cBODRUM FM\u201d) hangi ki\u015fisel verilerinizi hangi ama\u00e7larla i\u015fledi\u011fini sizlere detayl\u0131 bir \u015fekilde aktarabilmektir. Sizlerin gizlili\u011fine \u00f6nem vermekteyiz. Bizlere iletmi\u015f oldu\u011funuz t\u00fcm ki\u015fisel verilerinizi ba\u015fta 6698 say\u0131l\u0131 Ki\u015fisel Verilerin Korunmas\u0131 Kanunu (\u201cKVKK\u201d) ve bu kanunun&#8230;<\/p>","protected":false},"author":1,"featured_media":0,"parent":0,"menu_order":0,"comment_status":"closed","ping_status":"closed","template":"","meta":{"footnotes":""},"class_list":["post-1895","page","type-page","status-publish","hentry"],"_links":{"self":[{"href":"https:\/\/bodrumfm.org\/en\/wp-json\/wp\/v2\/pages\/1895","targetHints":{"allow":["GET"]}}],"collection":[{"href":"https:\/\/bodrumfm.org\/en\/wp-json\/wp\/v2\/pages"}],"about":[{"href":"https:\/\/bodrumfm.org\/en\/wp-json\/wp\/v2\/types\/page"}],"author":[{"embeddable":true,"href":"https:\/\/bodrumfm.org\/en\/wp-json\/wp\/v2\/users\/1"}],"replies":[{"embeddable":true,"href":"https:\/\/bodrumfm.org\/en\/wp-json\/wp\/v2\/comments?post=1895"}],"version-history":[{"count":58,"href":"https:\/\/bodrumfm.org\/en\/wp-json\/wp\/v2\/pages\/1895\/revisions"}],"predecessor-version":[{"id":6641,"href":"https:\/\/bodrumfm.org\/en\/wp-json\/wp\/v2\/pages\/1895\/revisions\/6641"}],"wp:attachment":[{"href":"https:\/\/bodrumfm.org\/en\/wp-json\/wp\/v2\/media?parent=1895"}],"curies":[{"name":"wp","href":"https:\/\/api.w.org\/{rel}","templated":true}]}}